{"id":2104,"date":"2022-01-27T13:10:09","date_gmt":"2024-03-19T06:48:06","guid":{"rendered":"https:\/\/www.osteriadafortunata.it\/prodotto\/bowl-of-tradition\/"},"modified":"2026-02-14T20:16:10","modified_gmt":"2026-02-14T20:16:10","slug":"bowl-of-tradition","status":"publish","type":"product","link":"https:\/\/osteriadafortunata.it\/en\/prodotto\/bowl-of-tradition\/","title":{"rendered":"Bowl of Tradition"},"content":{"rendered":"<p>Immergiti nella profondit\u00e0 della tradizione italiana con la nostra Ciotola della Tradizione, realizzata a mano dai maestri artigiani di Osteria da Fortunata. Questa ciotola in ceramica non \u00e8 solo un utensile da cucina, ma un vero e proprio simbolo di cultura e storia. Perfetta per servire pietanze calde o come elemento decorativo, ogni ciotola \u00e8 unica nel suo genere, con finiture e colori che raccontano la sua origine artigianale. La ceramica di alta qualit\u00e0 assicura durabilit\u00e0 e resistenza, ideale per l&#8217;uso quotidiano o per occasioni speciali. Non perdere l&#8217;occasione di avere un pezzo di tradizione italiana nella tua casa. Ordina ora e porta l&#8217;eleganza rustica e l&#8217;autenticit\u00e0 artigianale a tavola.<\/p>\n","protected":false},"excerpt":{"rendered":"<p>Traditional Osteria da Fortunata hand-painted ceramic bowl.<\/p>\n","protected":false},"featured_media":1039,"template":"","meta":[],"product_brand":[],"product_cat":[31],"product_tag":[],"class_list":{"0":"post-2104","1":"product","2":"type-product","3":"status-publish","4":"has-post-thumbnail","6":"product_cat-products","8":"first","9":"onbackorder","10":"taxable","11":"shipping-taxable","12":"purchasable","13":"product-type-simple"},"yoast_head":"<!-- This site is optimized with the Yoast SEO plugin v27.3 - https:\/\/yoast.com\/product\/yoast-seo-wordpress\/ -->\n<title>Tradition Bowl - Osteria da Fortunata<\/title>\n<meta name=\"description\" content=\"Immerse yourself in the depths of Italian tradition with our Tradition Bowl, handcrafted by the master artisans of Osteria da Fortunata\" \/>\n<meta name=\"robots\" content=\"index, follow, max-snippet:-1, max-image-preview:large, max-video-preview:-1\" \/>\n<link rel=\"canonical\" href=\"https:\/\/osteriadafortunata.it\/en\/prodotto\/bowl-of-tradition\/\" \/>\n<meta property=\"og:locale\" content=\"en_US\" \/>\n<meta property=\"og:type\" content=\"article\" \/>\n<meta property=\"og:title\" content=\"Tradition Bowl - Osteria da Fortunata\" \/>\n<meta property=\"og:description\" content=\"Immerse yourself in the depths of Italian tradition with our Tradition Bowl, handcrafted by the master artisans of Osteria da Fortunata\" \/>\n<meta property=\"og:url\" content=\"https:\/\/osteriadafortunata.it\/en\/prodotto\/bowl-of-tradition\/\" \/>\n<meta property=\"og:site_name\" content=\"Osteria da Fortunata\" \/>\n<meta property=\"article:publisher\" content=\"https:\/\/www.facebook.com\/osteriadafortunata\/\" \/>\n<meta property=\"article:modified_time\" content=\"2026-02-14T20:16:10+00:00\" \/>\n<meta property=\"og:image\" content=\"https:\/\/osteriadafortunata.it\/wp-content\/uploads\/2022\/01\/WhatsApp-Image-2022-01-18-at-12.01.49-24.jpeg\" \/>\n\t<meta property=\"og:image:width\" content=\"751\" \/>\n\t<meta property=\"og:image:height\" content=\"751\" \/>\n\t<meta property=\"og:image:type\" content=\"image\/jpeg\" \/>\n<meta name=\"twitter:card\" content=\"summary_large_image\" \/>\n<script type=\"application\/ld+json\" class=\"yoast-schema-graph\">{\"@context\":\"https:\\\/\\\/schema.org\",\"@graph\":[{\"@type\":\"WebPage\",\"@id\":\"https:\\\/\\\/osteriadafortunata.it\\\/en\\\/prodotto\\\/bowl-of-tradition\\\/\",\"url\":\"https:\\\/\\\/osteriadafortunata.it\\\/en\\\/prodotto\\\/bowl-of-tradition\\\/\",\"name\":\"Tradition Bowl - Osteria da Fortunata\",\"isPartOf\":{\"@id\":\"https:\\\/\\\/osteriadafortunata.it\\\/en\\\/#website\"},\"primaryImageOfPage\":{\"@id\":\"https:\\\/\\\/osteriadafortunata.it\\\/en\\\/prodotto\\\/bowl-of-tradition\\\/#primaryimage\"},\"image\":{\"@id\":\"https:\\\/\\\/osteriadafortunata.it\\\/en\\\/prodotto\\\/bowl-of-tradition\\\/#primaryimage\"},\"thumbnailUrl\":\"https:\\\/\\\/osteriadafortunata.it\\\/wp-content\\\/uploads\\\/2022\\\/01\\\/WhatsApp-Image-2022-01-18-at-12.01.49-24.jpeg\",\"datePublished\":\"2024-03-19T06:48:06+00:00\",\"dateModified\":\"2026-02-14T20:16:10+00:00\",\"description\":\"Immerse yourself in the depths of Italian tradition with our Tradition Bowl, handcrafted by the master artisans of Osteria da Fortunata\",\"breadcrumb\":{\"@id\":\"https:\\\/\\\/osteriadafortunata.it\\\/en\\\/prodotto\\\/bowl-of-tradition\\\/#breadcrumb\"},\"inLanguage\":\"en-US\",\"potentialAction\":[{\"@type\":\"ReadAction\",\"target\":[\"https:\\\/\\\/osteriadafortunata.it\\\/en\\\/prodotto\\\/bowl-of-tradition\\\/\"]}]},{\"@type\":\"ImageObject\",\"inLanguage\":\"en-US\",\"@id\":\"https:\\\/\\\/osteriadafortunata.it\\\/en\\\/prodotto\\\/bowl-of-tradition\\\/#primaryimage\",\"url\":\"https:\\\/\\\/osteriadafortunata.it\\\/wp-content\\\/uploads\\\/2022\\\/01\\\/WhatsApp-Image-2022-01-18-at-12.01.49-24.jpeg\",\"contentUrl\":\"https:\\\/\\\/osteriadafortunata.it\\\/wp-content\\\/uploads\\\/2022\\\/01\\\/WhatsApp-Image-2022-01-18-at-12.01.49-24.jpeg\",\"width\":751,\"height\":751,\"caption\":\"Ciotola della Tradizione artigianale terracotta\"},{\"@type\":\"BreadcrumbList\",\"@id\":\"https:\\\/\\\/osteriadafortunata.it\\\/en\\\/prodotto\\\/bowl-of-tradition\\\/#breadcrumb\",\"itemListElement\":[{\"@type\":\"ListItem\",\"position\":1,\"name\":\"Home\",\"item\":\"https:\\\/\\\/osteriadafortunata.it\\\/en\\\/\"},{\"@type\":\"ListItem\",\"position\":2,\"name\":\"Products\",\"item\":\"https:\\\/\\\/osteriadafortunata.it\\\/en\\\/shop\\\/\"},{\"@type\":\"ListItem\",\"position\":3,\"name\":\"Bowl of Tradition\"}]},{\"@type\":\"WebSite\",\"@id\":\"https:\\\/\\\/osteriadafortunata.it\\\/en\\\/#website\",\"url\":\"https:\\\/\\\/osteriadafortunata.it\\\/en\\\/\",\"name\":\"Osteria da Fortunata\",\"description\":\"Pellegrino\",\"publisher\":{\"@id\":\"https:\\\/\\\/osteriadafortunata.it\\\/en\\\/#organization\"},\"potentialAction\":[{\"@type\":\"SearchAction\",\"target\":{\"@type\":\"EntryPoint\",\"urlTemplate\":\"https:\\\/\\\/osteriadafortunata.it\\\/en\\\/?s={search_term_string}\"},\"query-input\":{\"@type\":\"PropertyValueSpecification\",\"valueRequired\":true,\"valueName\":\"search_term_string\"}}],\"inLanguage\":\"en-US\"},{\"@type\":\"Organization\",\"@id\":\"https:\\\/\\\/osteriadafortunata.it\\\/en\\\/#organization\",\"name\":\"Osteria da Fortunata\",\"url\":\"https:\\\/\\\/osteriadafortunata.it\\\/en\\\/\",\"logo\":{\"@type\":\"ImageObject\",\"inLanguage\":\"en-US\",\"@id\":\"https:\\\/\\\/osteriadafortunata.it\\\/en\\\/#\\\/schema\\\/logo\\\/image\\\/\",\"url\":\"https:\\\/\\\/osteriadafortunata.it\\\/wp-content\\\/uploads\\\/2023\\\/09\\\/logo_v2.png\",\"contentUrl\":\"https:\\\/\\\/osteriadafortunata.it\\\/wp-content\\\/uploads\\\/2023\\\/09\\\/logo_v2.png\",\"width\":1000,\"height\":1029,\"caption\":\"Osteria da Fortunata\"},\"image\":{\"@id\":\"https:\\\/\\\/osteriadafortunata.it\\\/en\\\/#\\\/schema\\\/logo\\\/image\\\/\"},\"sameAs\":[\"https:\\\/\\\/www.facebook.com\\\/osteriadafortunata\\\/\",\"https:\\\/\\\/www.instagram.com\\\/osteria_da_fortunata_italia\\\/\",\"https:\\\/\\\/www.linkedin.com\\\/company\\\/osteriadafortunata-1921\\\/?originalSubdomain=it\"]}]}<\/script>\n<!-- \/ Yoast SEO plugin. -->","yoast_head_json":{"title":"Tradition Bowl - Osteria da Fortunata","description":"Immerse yourself in the depths of Italian tradition with our Tradition Bowl, handcrafted by the master artisans of Osteria da Fortunata","robots":{"index":"index","follow":"follow","max-snippet":"max-snippet:-1","max-image-preview":"max-image-preview:large","max-video-preview":"max-video-preview:-1"},"canonical":"https:\/\/osteriadafortunata.it\/en\/prodotto\/bowl-of-tradition\/","og_locale":"en_US","og_type":"article","og_title":"Tradition Bowl - Osteria da Fortunata","og_description":"Immerse yourself in the depths of Italian tradition with our Tradition Bowl, handcrafted by the master artisans of Osteria da Fortunata","og_url":"https:\/\/osteriadafortunata.it\/en\/prodotto\/bowl-of-tradition\/","og_site_name":"Osteria da Fortunata","article_publisher":"https:\/\/www.facebook.com\/osteriadafortunata\/","article_modified_time":"2026-02-14T20:16:10+00:00","og_image":[{"width":751,"height":751,"url":"https:\/\/osteriadafortunata.it\/wp-content\/uploads\/2022\/01\/WhatsApp-Image-2022-01-18-at-12.01.49-24.jpeg","type":"image\/jpeg"}],"twitter_card":"summary_large_image","schema":{"@context":"https:\/\/schema.org","@graph":[{"@type":"WebPage","@id":"https:\/\/osteriadafortunata.it\/en\/prodotto\/bowl-of-tradition\/","url":"https:\/\/osteriadafortunata.it\/en\/prodotto\/bowl-of-tradition\/","name":"Tradition Bowl - Osteria da Fortunata","isPartOf":{"@id":"https:\/\/osteriadafortunata.it\/en\/#website"},"primaryImageOfPage":{"@id":"https:\/\/osteriadafortunata.it\/en\/prodotto\/bowl-of-tradition\/#primaryimage"},"image":{"@id":"https:\/\/osteriadafortunata.it\/en\/prodotto\/bowl-of-tradition\/#primaryimage"},"thumbnailUrl":"https:\/\/osteriadafortunata.it\/wp-content\/uploads\/2022\/01\/WhatsApp-Image-2022-01-18-at-12.01.49-24.jpeg","datePublished":"2024-03-19T06:48:06+00:00","dateModified":"2026-02-14T20:16:10+00:00","description":"Immerse yourself in the depths of Italian tradition with our Tradition Bowl, handcrafted by the master artisans of Osteria da Fortunata","breadcrumb":{"@id":"https:\/\/osteriadafortunata.it\/en\/prodotto\/bowl-of-tradition\/#breadcrumb"},"inLanguage":"en-US","potentialAction":[{"@type":"ReadAction","target":["https:\/\/osteriadafortunata.it\/en\/prodotto\/bowl-of-tradition\/"]}]},{"@type":"ImageObject","inLanguage":"en-US","@id":"https:\/\/osteriadafortunata.it\/en\/prodotto\/bowl-of-tradition\/#primaryimage","url":"https:\/\/osteriadafortunata.it\/wp-content\/uploads\/2022\/01\/WhatsApp-Image-2022-01-18-at-12.01.49-24.jpeg","contentUrl":"https:\/\/osteriadafortunata.it\/wp-content\/uploads\/2022\/01\/WhatsApp-Image-2022-01-18-at-12.01.49-24.jpeg","width":751,"height":751,"caption":"Ciotola della Tradizione artigianale terracotta"},{"@type":"BreadcrumbList","@id":"https:\/\/osteriadafortunata.it\/en\/prodotto\/bowl-of-tradition\/#breadcrumb","itemListElement":[{"@type":"ListItem","position":1,"name":"Home","item":"https:\/\/osteriadafortunata.it\/en\/"},{"@type":"ListItem","position":2,"name":"Products","item":"https:\/\/osteriadafortunata.it\/en\/shop\/"},{"@type":"ListItem","position":3,"name":"Bowl of Tradition"}]},{"@type":"WebSite","@id":"https:\/\/osteriadafortunata.it\/en\/#website","url":"https:\/\/osteriadafortunata.it\/en\/","name":"Osteria da Fortunata","description":"Pellegrino","publisher":{"@id":"https:\/\/osteriadafortunata.it\/en\/#organization"},"potentialAction":[{"@type":"SearchAction","target":{"@type":"EntryPoint","urlTemplate":"https:\/\/osteriadafortunata.it\/en\/?s={search_term_string}"},"query-input":{"@type":"PropertyValueSpecification","valueRequired":true,"valueName":"search_term_string"}}],"inLanguage":"en-US"},{"@type":"Organization","@id":"https:\/\/osteriadafortunata.it\/en\/#organization","name":"Osteria da Fortunata","url":"https:\/\/osteriadafortunata.it\/en\/","logo":{"@type":"ImageObject","inLanguage":"en-US","@id":"https:\/\/osteriadafortunata.it\/en\/#\/schema\/logo\/image\/","url":"https:\/\/osteriadafortunata.it\/wp-content\/uploads\/2023\/09\/logo_v2.png","contentUrl":"https:\/\/osteriadafortunata.it\/wp-content\/uploads\/2023\/09\/logo_v2.png","width":1000,"height":1029,"caption":"Osteria da Fortunata"},"image":{"@id":"https:\/\/osteriadafortunata.it\/en\/#\/schema\/logo\/image\/"},"sameAs":["https:\/\/www.facebook.com\/osteriadafortunata\/","https:\/\/www.instagram.com\/osteria_da_fortunata_italia\/","https:\/\/www.linkedin.com\/company\/osteriadafortunata-1921\/?originalSubdomain=it"]}]}},"_links":{"self":[{"href":"https:\/\/osteriadafortunata.it\/en\/wp-json\/wp\/v2\/product\/2104","targetHints":{"allow":["GET"]}}],"collection":[{"href":"https:\/\/osteriadafortunata.it\/en\/wp-json\/wp\/v2\/product"}],"about":[{"href":"https:\/\/osteriadafortunata.it\/en\/wp-json\/wp\/v2\/types\/product"}],"wp:featuredmedia":[{"embeddable":true,"href":"https:\/\/osteriadafortunata.it\/en\/wp-json\/wp\/v2\/media\/1039"}],"wp:attachment":[{"href":"https:\/\/osteriadafortunata.it\/en\/wp-json\/wp\/v2\/media?parent=2104"}],"wp:term":[{"taxonomy":"product_brand","embeddable":true,"href":"https:\/\/osteriadafortunata.it\/en\/wp-json\/wp\/v2\/product_brand?post=2104"},{"taxonomy":"product_cat","embeddable":true,"href":"https:\/\/osteriadafortunata.it\/en\/wp-json\/wp\/v2\/product_cat?post=2104"},{"taxonomy":"product_tag","embeddable":true,"href":"https:\/\/osteriadafortunata.it\/en\/wp-json\/wp\/v2\/product_tag?post=2104"}],"curies":[{"name":"wp","href":"https:\/\/api.w.org\/{rel}","templated":true}]}}